{"id":56,"date":"2019-10-07T19:50:59","date_gmt":"2019-10-07T19:50:59","guid":{"rendered":"https:\/\/pizzamona.fr\/?page_id=56"},"modified":"2025-01-01T21:06:45","modified_gmt":"2025-01-01T21:06:45","slug":"56-2","status":"publish","type":"page","link":"https:\/\/pizzamona.fr\/","title":{"rendered":""},"content":{"rendered":"\r\n<h2 class=\"border-color: red white green; border:solid 1px; wp-block-heading\" style=\"text-align: center;\"><\/h2>\r\n<h1 class=\"wp-block-heading\" style=\"text-align: center;\">\u00a0<\/h1>\r\n<p>&nbsp;<\/p>\r\n<h1 style=\"text-align: center;\">\u00a0<\/h1>\r\n<h2 id=\"LA-CARTE\" class=\"border-color: red white green; border:solid 1px;\" style=\"text-align: center;\"><strong>LA CARTE<\/strong><\/h2>\r\n<h2 class=\"border-color: red white green; border:solid 1px;\" style=\"text-align: center;\">\r\n\r\n<\/h2>\r\n<h3 class=\"wp-block-heading\"><strong><span style=\"color: #000000;\">LES PIZZAS<\/span><\/strong><\/h3>\r\n<h2 class=\"border-color: red white green; border:solid 1px;\" style=\"text-align: center;\">\r\n\r\n<\/h2>\r\n<ul>\r\n<li style=\"list-style-type: none;\">\r\n<ul>\r\n<li><em><strong>10,00\u20ac\u00a0 \u00a0<\/strong><\/em><span style=\"color: #ff0000;\"><strong>MARGARITA<\/strong><\/span> Tomate, fromage, olives<\/li>\r\n<li><strong><em>11,00\u20ac<\/em><\/strong>\u00a0 \u00a0<span style=\"color: #339966;\"><strong>UNO<\/strong><\/span> Tomate, jambon, fromage, olives<\/li>\r\n<li><strong><em>11.50\u20ac<\/em><\/strong>\u00a0 \u00a0<span style=\"color: #ff0000;\"><strong>ROMAINE<\/strong><\/span> Tomate,lardons, fromage, oeuf, olives<\/li>\r\n<li><strong><em>11.50\u20ac<\/em><\/strong>\u00a0 \u00a0<span style=\"color: #339966;\"><strong>ROYALE<\/strong><\/span> Tomate, jambon, fromage, Champignons, olives<\/li>\r\n<li><strong><em>11.50\u20ac<\/em><\/strong>\u00a0 \u00a0<span style=\"color: #ff0000;\"><strong>PROVENCALE<\/strong><\/span> Tomate, poivrons, anchois, fromage, olives<\/li>\r\n<li><strong><em>11.50\u20ac<\/em><\/strong>\u00a0 \u00a0<span style=\"color: #339966;\"><strong>CHORIZO<\/strong><\/span> Tomate, chorizo, champignons, fromage, olives<\/li>\r\n<li><strong><em>12.50\u20ac<\/em><\/strong>\u00a0 \u00a0<span style=\"color: #ff0000;\"><strong>3 FROMAGES<\/strong><\/span> Tomate, mozzarella, bleu ou ch\u00e8vre, fromage, olives<\/li>\r\n<li><strong><em>12.50\u20ac<\/em><\/strong>\u00a0 \u00a0<span style=\"color: #339966;\"><strong>CAMPAGNARDE<\/strong><\/span> Tomate, lardons, champignons, oignons, fromage, olives<\/li>\r\n<li><strong><em>12,00<\/em>\u20ac<\/strong>\u00a0 \u00a0<span style=\"color: #ff0000;\"><strong>BENITO<\/strong><\/span> Tomate, chorizo, bleu, fromage,olives<\/li>\r\n<li><strong><em>12,00\u20ac<\/em>\u00a0 \u00a0<\/strong><span style=\"color: #339966;\"><strong>IBERIQUE<\/strong><\/span> Tomate, cr\u00e8me fraiche, chorizo, poivrons, fromage, olives<\/li>\r\n<li><strong><em>12,00\u20ac<\/em><\/strong>\u00a0 \u00a0<span style=\"color: #ff0000;\"><strong>DOMINO<\/strong><\/span> Tomate, chorizo, champignons, ch\u00e8vre, fromage, olives<\/li>\r\n<li><strong><em>12,00\u20ac<\/em><\/strong><span style=\"color: #339966;\">\u00a0 \u00a0<strong>ORIENTALE<\/strong><\/span> Tomate, merguez, oeuf, fromage, olives<\/li>\r\n<li><strong><em>12,00\u20ac<\/em><\/strong>\u00a0 \u00a0<span style=\"color: #ff0000;\"><strong>CALZONE<\/strong><\/span> Chausson souffl\u00e9 avec tomate, jambon, oeuf, fromage, olives<\/li>\r\n<li><strong><em>12,00\u20ac<\/em><\/strong>\u00a0 \u00a0<span style=\"color: #339966;\"><strong>SPECIALE<\/strong><\/span> Tomate, merguez, chorizo, champignons,<\/li>\r\n<li><strong><em>12,50\u20ac<\/em><\/strong>\u00a0 \u00a0<span style=\"color: #ff0000;\"><strong>4 SAISONS<\/strong><\/span> Tomate, champignons, artichauts, poivrons, oignons, fromage, olives<\/li>\r\n<li><strong><em>13,00\u20ac<\/em><\/strong>\u00a0 \u00a0<span style=\"color: #339966;\"><strong>FRUITS DE MER<\/strong><\/span> Tomate, coktail de fruit de mer, oignons, fromage, olives<\/li>\r\n<li><strong><em>12,50\u20ac<\/em><\/strong>\u00a0 \u00a0<span style=\"color: #ff0000;\"><strong>MATHEA<\/strong><\/span> Tomate, chipolatas, champignons, poivrons, fromage, olives<\/li>\r\n<li><strong><em>12,50\u20ac<\/em><\/strong>\u00a0 \u00a0<span style=\"color: #339966;\"><strong>SANDRINA<\/strong><\/span> Tomate, merguez, oignons, champignons, fromage, olives<\/li>\r\n<li><strong><em>12,50\u20ac<\/em><\/strong>\u00a0 \u00a0<span style=\"color: #ff0000;\"><strong>NAPOLI<\/strong><\/span> Tomate, poivrons, jambon, champignons, anchois, fromage, olives<\/li>\r\n<li><strong><em>12,50\u20ac<\/em><\/strong>\u00a0 \u00a0<span style=\"color: #339966;\"><strong>GEROMA<\/strong><\/span> Tomate, jambon du pays, oeuf, fromage, olives<\/li>\r\n<li><strong><em>13,00\u20ac<\/em><\/strong>\u00a0 \u00a0<span style=\"color: #ff0000;\"><strong>REGALA<\/strong><\/span> Tomate, viande hach\u00e9e, oignons, fromage, olives<\/li>\r\n<li><strong><em>12,50\u20ac<\/em><\/strong>\u00a0 \u00a0<span style=\"color: #339966;\"><strong>MONA<\/strong><\/span> Tomate, jambon, lardons, champignons, oignons, fromage, olives<\/li>\r\n<li><strong><em>13,00<\/em>\u20ac<\/strong>\u00a0 \u00a0<span style=\"color: #ff0000;\"><strong>MARINIERE<\/strong><\/span> Tomate, poivrons, thon, anchois, fromage, olives<\/li>\r\n<\/ul>\r\n<\/li>\r\n<\/ul>\r\n<h2 class=\"border-color: red white green; border:solid 1px;\" style=\"text-align: center;\">\r\n\r\n<\/h2>\r\n<h3 class=\"wp-block-heading\">LES PIZZAS BLANCHES<\/h3>\r\n<h2 class=\"border-color: red white green; border:solid 1px;\" style=\"text-align: center;\">\r\n\r\n<\/h2>\r\n<ul class=\"wp-block-list\">\r\n<li style=\"list-style-type: none;\">\r\n<ul>\r\n<li><strong><em>11.50\u20ac<\/em><\/strong><span style=\"color: #339966;\">\u00a0 \u00a0<strong>LA PAYSANNE<\/strong><\/span> Cr\u00e8me fraiche, lardons, oignons, fromage, olives<\/li>\r\n<li><strong><em>12,00\u20ac<\/em><\/strong>\u00a0 \u00a0<span style=\"color: #ff0000;\"><strong>LOULITA<\/strong><\/span> Cr\u00e8me fraiche, jambon, champignons, fromage, olives<\/li>\r\n<li><strong><em>12,00\u20ac<\/em><\/strong>\u00a0 \u00a0<span style=\"color: #339966;\"><strong>TROPICANA<\/strong><\/span> Cr\u00e8me fraiche, jambon, ananas, fromage, olives<\/li>\r\n<li><strong><em>12,00\u20ac<\/em><\/strong>\u00a0 \u00a0<span style=\"color: #ff0000;\"><strong>SURVILLOISE<\/strong><\/span> Cr\u00e8me fraiche, ch\u00e8vre, fromage, olives<\/li>\r\n<li><strong><em>12,00\u20ac<\/em><\/strong>\u00a0 \u00a0<span style=\"color: #339966;\"><strong>BOLZANE<\/strong><\/span> Cr\u00e8me fraiche, lardons, ch\u00e8vre, fromage, olives<\/li>\r\n<li><strong><em>12,50\u20ac<\/em><\/strong>\u00a0 \u00a0<span style=\"color: #ff0000;\"><strong>MAYA<\/strong><\/span> Cr\u00e8me fraiche, ch\u00e8vre, miel, fromage, olives<\/li>\r\n<li><em><strong>12,50\u20ac\u00a0<\/strong> \u00a0<\/em><span style=\"color: #339966;\"><strong>ALBACORE<\/strong><\/span> Cr\u00e8me fraiche, thon, c\u00e2pres, fromage, olives<\/li>\r\n<li><strong><em>13.00<\/em>\u20ac<\/strong>\u00a0 \u00a0<span style=\"color: #ff0000;\"><strong>BRONO<\/strong><\/span> Cr\u00e8me fraiche, champignons, brebis, bleu, fromage, olives<\/li>\r\n<li><strong><em>15,00\u20ac<\/em><\/strong>\u00a0 \u00a0<span style=\"color: #339966;\"><strong>BALKANS<\/strong><\/span> Cr\u00e8me fraiche, saumon fum\u00e9, fromage, olives<\/li>\r\n<\/ul>\r\n<\/li>\r\n<\/ul>\r\n<h2 class=\"border-color: red white green; border:solid 1px;\" style=\"text-align: center;\">\r\n\r\n<\/h2>\r\n<h3 class=\"wp-block-heading\">LA SUGGESTION DU CHEF<\/h3>\r\n<h2 class=\"border-color: red white green; border:solid 1px;\" style=\"text-align: center;\">\r\n\r\n<\/h2>\r\n<ul class=\"wp-block-list\">\r\n<li style=\"list-style-type: none;\">\r\n<ul>\r\n<li><strong><em>13,00\u20ac<\/em><\/strong><span style=\"color: #ff0000;\">\u00a0 <strong>PORTUGAISE<\/strong><\/span> Tomate, chorizo, poivrons, oignons, anchois, fromage<\/li>\r\n<li><em><strong>13,00\u20ac<\/strong>\u00a0 <\/em><span style=\"color: #339966;\"><strong>FINA<\/strong><\/span> Cr\u00e8me, poulet, ananas, fromage, olives<\/li>\r\n<li><strong><em>13,00\u20ac<\/em>\u00a0<\/strong> <span style=\"color: #ff0000;\"><strong>SAVOYARDE<\/strong><\/span>\u00a0 Cr\u00e8me, reblochon, lardons, oignons, pomme de terre, fromage<\/li>\r\n<li><em><strong>13,00\u20ac<\/strong>\u00a0<\/em> <span style=\"color: #339966;\"><strong>BEARNAISE<\/strong><\/span> Tomate, cr\u00e8me,boudin, pomme, mozarella, fromages, olives<\/li>\r\n<li><strong><em>13,00\u20ac<\/em><\/strong> \u00a0<span style=\"color: #ff0000;\"><strong>LUCKY LUKE<\/strong><\/span> Tomate, cr\u00e8me,lardons, viande hach\u00e9e, oignons, mozarella, oeuf, fromage<\/li>\r\n<li><strong><em>13,50\u20ac<\/em> <\/strong>\u00a0<span style=\"color: #339966;\"><strong>HUGO<\/strong><\/span> Tomate, cr\u00e8me, jambon, chorizo, pomme de terre, reblochon, fromage, olives<\/li>\r\n<li><strong><em>13,00<\/em>\u20ac<\/strong>\u00a0 <strong><span style=\"color: #ff0000;\">DALTON<\/span>\u00a0<\/strong>Tomate, chorizo, merguez, poulet, poivrons,fromage,olives<\/li>\r\n<li><strong><em>15,00\u20ac<\/em><\/strong>\u00a0 <span style=\"color: #339966;\"><strong>LAKIK<\/strong>\u00a0<\/span>Tomate, chorizo ,viandes hach\u00e9es, lardons, poulet, merguez, jambon, mozarella, fromage bleue\u00a0\u00a0<\/li>\r\n<\/ul>\r\n<\/li>\r\n<\/ul>\r\n<h2 class=\"border-color: red white green; border:solid 1px;\" style=\"text-align: center;\">\r\n\r\n<\/h2>\r\n<h4 class=\"wp-block-heading\" style=\"text-align: right;\"><span style=\"color: #339966;\">LES SUPPLEMENTS : 3\u20ac<\/span><\/h4>\r\n<p>&nbsp;<\/p>\r\n<p style=\"text-align: center;\"><strong><span style=\"color: #ff0000;\">Nos pizzas de 29 cm sont finement \u00e9labor\u00e9es avec des produits frais, de qualit\u00e9 et \u00e0 des prix attractifs.<\/span><\/strong><\/p>\r\n<p style=\"text-align: center;\"><strong><span style=\"color: #ff0000;\">La p\u00e2te est p\u00e9trie chaque jour sur place<\/span><\/strong><\/p>\r\n<p style=\"text-align: center;\"><strong><span style=\"color: #ff0000;\">Pour moins d&rsquo; attente veuillez nous contacter au num\u00e9ro ci-dessous de pr\u00e9f\u00e9rence\u00a0<\/span><\/strong><\/p>\r\n<p>&nbsp;<\/p>\r\n<p>&nbsp;<\/p>\r\n<p>&nbsp;<\/p>\r\n<h2 class=\"border-color: red white green; border:solid 1px;\" style=\"text-align: center;\">\r\n\r\n<\/h2>\r\n<h3 class=\"wp-block-heading\" style=\"text-align: center;\"><span style=\"color: #ff0000;\">PLAQUE DE PIZZA POUR LUNCH SUR COMMANDE :\u00a0 30,00\u20ac<\/span><\/h3>\r\n<h2 class=\"border-color: red white green; border:solid 1px;\" style=\"text-align: center;\">\r\n\r\n<\/h2>\r\n<h2 class=\"wp-block-heading\" id=\"HORAIRES\" style=\"text-align: center;\">HORAIRES<\/h2>\r\n<h2 class=\"border-color: red white green; border:solid 1px;\" style=\"text-align: center;\">\r\n\r\n<\/h2>\r\n<ul class=\"wp-block-list\">\r\n<li><span style=\"color: #ff0000;\">Dimanche Ferme<\/span><\/li>\r\n<li><span style=\"color: #ff0000;\">Lundi Ferme<\/span><\/li>\r\n<li><span style=\"color: #339966;\">Mardi 09h00-14h00 17h00-21h00<\/span><\/li>\r\n<li><span style=\"color: #339966;\">Mercredi 09h00-14h00 17h00-21h00<\/span><\/li>\r\n<li><span style=\"color: #339966;\">Jeudi 09h00-14h00 17h00-21h00<\/span><\/li>\r\n<li><span style=\"color: #339966;\">Vendredi 09h00-14h00 17h00-21h00<\/span><\/li>\r\n<li><span style=\"color: #339966;\">Samedi 09h00-14h00 17h00-21h00<\/span><\/li>\r\n<\/ul>\r\n<h2 class=\"border-color: red white green; border:solid 1px;\" style=\"text-align: center;\">\r\n\r\n<\/h2>\r\n<h2 class=\"wp-block-heading\" id=\"CONTACTS\" style=\"text-align: center;\">CONTACTS<\/h2>\r\n<div id=\"frame\" style=\"text-align: center;\"><iframe loading=\"lazy\" style=\"border: 0;\" src=\"https:\/\/www.google.com\/maps\/embed?pb=!1m14!1m8!1m3!1d11638.56124135954!2d-0.2349005!3d43.1750738!3m2!1i1024!2i768!4f13.1!3m3!1m2!1s0x0%3A0x975f16f3cd7aaa60!2sPizza%20Mona!5e0!3m2!1sfr!2sfr!4v1572171020370!5m2!1sfr!2sfr\" width=\"600\" height=\"450\" frameborder=\"0\" allowfullscreen=\"allowfullscreen\" data-mce-fragment=\"1\"><\/iframe>\r\n<p style=\"text-align: center;\"><iframe loading=\"lazy\" style=\"border: 0;\" src=\"https:\/\/www.google.com\/maps\/embed?pb=!4v1572171759502!6m8!1m7!1sA8BGhBRMri_envbdWBI1ug!2m2!1d43.17501186489825!2d-0.2350132173096078!3f299.2601!4f0!5f0.7820865974627469\" width=\"600\" height=\"450\" frameborder=\"0\" allowfullscreen=\"allowfullscreen\" data-mce-fragment=\"1\"><span data-mce-type=\"bookmark\" style=\"display: inline-block; width: 0px; overflow: hidden; line-height: 0;\" class=\"mce_SELRES_start\">\ufeff<\/span><\/iframe><\/p>\r\n<\/div>\r\n<div><\/div>\r\n<div id=\"frame\" style=\"text-align: center;\">\u00a0<\/div>\r\n<div><\/div>","protected":false},"excerpt":{"rendered":"<p>\u00a0 &nbsp; \u00a0 LA CARTE LES PIZZAS 10,00\u20ac\u00a0 \u00a0MARGARITA Tomate, fromage, olives 11,00\u20ac\u00a0 \u00a0UNO Tomate, jambon, fromage, olives 11.50\u20ac\u00a0 [&hellip;]<\/p>\n","protected":false},"author":1,"featured_media":0,"parent":0,"menu_order":0,"comment_status":"closed","ping_status":"closed","template":"template-fullwide.php","meta":{"footnotes":""},"class_list":["post-56","page","type-page","status-publish","hentry"],"_links":{"self":[{"href":"https:\/\/pizzamona.fr\/index.php\/wp-json\/wp\/v2\/pages\/56","targetHints":{"allow":["GET"]}}],"collection":[{"href":"https:\/\/pizzamona.fr\/index.php\/wp-json\/wp\/v2\/pages"}],"about":[{"href":"https:\/\/pizzamona.fr\/index.php\/wp-json\/wp\/v2\/types\/page"}],"author":[{"embeddable":true,"href":"https:\/\/pizzamona.fr\/index.php\/wp-json\/wp\/v2\/users\/1"}],"replies":[{"embeddable":true,"href":"https:\/\/pizzamona.fr\/index.php\/wp-json\/wp\/v2\/comments?post=56"}],"version-history":[{"count":79,"href":"https:\/\/pizzamona.fr\/index.php\/wp-json\/wp\/v2\/pages\/56\/revisions"}],"predecessor-version":[{"id":278,"href":"https:\/\/pizzamona.fr\/index.php\/wp-json\/wp\/v2\/pages\/56\/revisions\/278"}],"wp:attachment":[{"href":"https:\/\/pizzamona.fr\/index.php\/wp-json\/wp\/v2\/media?parent=56"}],"curies":[{"name":"wp","href":"https:\/\/api.w.org\/{rel}","templated":true}]}}